{"id":501,"date":"2021-05-14T17:55:26","date_gmt":"2021-05-14T15:55:26","guid":{"rendered":"https:\/\/julierutzphotography.com\/fr\/?page_id=501"},"modified":"2021-10-14T13:05:01","modified_gmt":"2021-10-14T11:05:01","slug":"home","status":"publish","type":"page","link":"https:\/\/julierutzphotography.com\/fr\/","title":{"rendered":"Home"},"content":{"rendered":"<p>[et_pb_section fb_built=&#8221;1&#8243; fullwidth=&#8221;on&#8221; admin_label=&#8221;Hero Section&#8221; module_id=&#8221;home&#8221; _builder_version=&#8221;4.9.0&#8243; _module_preset=&#8221;default&#8221;][et_pb_fullwidth_slider show_pagination=&#8221;off&#8221; _builder_version=&#8221;4.9.0&#8243; _module_preset=&#8221;default&#8221; header_font=&#8221;Yellowtail||||||||&#8221; header_font_size=&#8221;48px&#8221; body_font_size=&#8221;1.3em&#8221; body_line_height=&#8221;1.6em&#8221; min_height=&#8221;100vh&#8221; height=&#8221;100vh&#8221; auto=&#8221;on&#8221; hover_transition_speed_curve=&#8221;ease-in-out&#8221; header_font_size_tablet=&#8221;43px&#8221; header_font_size_phone=&#8221;27px&#8221; header_font_size_last_edited=&#8221;on|phone&#8221; body_font_size_tablet=&#8221;1.2em&#8221; body_font_size_phone=&#8221;1.1em&#8221; body_font_size_last_edited=&#8221;on|phone&#8221; custom_css_slide_description=&#8221;animation-name: none;||margin-top: 30vh;&#8221; custom_css_slide_title=&#8221;font-weight: 200;&#8221;][et_pb_slide heading=&#8221;Photographie macro \u00e0 main lev\u00e9e&#8221; _builder_version=&#8221;4.9.0&#8243; _module_preset=&#8221;default&#8221; header_font=&#8221;||||||||&#8221; header_line_height=&#8221;1.2em&#8221; background_enable_color=&#8221;off&#8221; background_image=&#8221;https:\/\/julierutzphotography.com\/fr\/wp-content\/uploads\/sites\/9\/2021\/05\/Slide-1-Pink-lady-IMG_5178.jpg&#8221; background_enable_image=&#8221;on&#8221; text_orientation=&#8221;left&#8221; width=&#8221;50%&#8221; width_tablet=&#8221;60%&#8221; width_phone=&#8221;70%&#8221; width_last_edited=&#8221;on|tablet&#8221; custom_padding=&#8221;15vh||||false|false&#8221; hover_transition_duration=&#8221;0ms&#8221; custom_css_slide_container=&#8221;float: right !important;&#8221; sticky_transition=&#8221;on&#8221;]<\/p>\n<p>Voir le grand dans le petit. Trouver l&#8217;inconnu dans le connu. D\u00e9couvrir des mondes. Partager des points de vue. Porter l&#8217;int\u00e9rieur vers l&#8217;ext\u00e9rieur.<\/p>\n<p>[\/et_pb_slide][et_pb_slide heading=&#8221;Photographie macro \u00e0 main lev\u00e9e&#8221; _builder_version=&#8221;4.9.0&#8243; _module_preset=&#8221;default&#8221; header_line_height=&#8221;1.2em&#8221; background_enable_color=&#8221;off&#8221; background_image=&#8221;https:\/\/julierutzphotography.com\/fr\/wp-content\/uploads\/sites\/9\/2021\/05\/slide-2-v2-Z41-A4.jpg&#8221; background_enable_image=&#8221;on&#8221; text_orientation=&#8221;left&#8221; width=&#8221;50%&#8221; width_tablet=&#8221;60%&#8221; width_phone=&#8221;70%&#8221; width_last_edited=&#8221;on|phone&#8221; custom_padding=&#8221;15vh||||false|false&#8221; hover_transition_duration=&#8221;0ms&#8221; custom_css_slide_container=&#8221;float: right !important;&#8221; sticky_transition=&#8221;on&#8221;]<\/p>\n<p>Immerg\u00e9 dans l&#8217;instant, perdu dans le temps, comme dans une transe. Debout, assise, couch\u00e9e, attendre que tout soit juste.<\/p>\n<p>[\/et_pb_slide][et_pb_slide heading=&#8221;Photographie macro \u00e0 main lev\u00e9e&#8221; _builder_version=&#8221;4.9.0&#8243; _module_preset=&#8221;default&#8221; header_line_height=&#8221;1.2em&#8221; background_enable_color=&#8221;off&#8221; background_image=&#8221;https:\/\/julierutzphotography.com\/fr\/wp-content\/uploads\/sites\/9\/2021\/05\/slide-3-Broken-synchronicity-IMG_0371.jpg&#8221; background_enable_image=&#8221;on&#8221; text_orientation=&#8221;left&#8221; width=&#8221;50%&#8221; width_tablet=&#8221;60%&#8221; width_phone=&#8221;70%&#8221; width_last_edited=&#8221;on|phone&#8221; custom_padding=&#8221;15vh||||false|false&#8221; hover_transition_duration=&#8221;0ms&#8221; custom_css_slide_container=&#8221;float: right !important;&#8221; sticky_transition=&#8221;on&#8221;]<\/p>\n<p>Lumi\u00e8re, vent, gouttes, mouvement, Zen, l\u2019instant. Je plonge dans le silence, ma main est calme, tout va pour le mieux.<\/p>\n<p>[\/et_pb_slide][\/et_pb_fullwidth_slider][\/et_pb_section][et_pb_section fb_built=&#8221;1&#8243; admin_label=&#8221;About section&#8221; module_id=&#8221;about&#8221; _builder_version=&#8221;4.9.0&#8243; _module_preset=&#8221;default&#8221;][et_pb_row admin_label=&#8221;About section Title&#8221; _builder_version=&#8221;4.9.0&#8243; locked=&#8221;off&#8221;][et_pb_column type=&#8221;4_4&#8243; _builder_version=&#8221;3.26.6&#8243;][et_pb_text _builder_version=&#8221;4.9.0&#8243; header_2_font=&#8221;Montserrat|700|||||||&#8221; header_2_text_color=&#8221;#000000&#8243; header_2_font_size=&#8221;70px&#8221; header_2_line_height=&#8221;1.2em&#8221; z_index=&#8221;2&#8243; max_width=&#8221;750px&#8221; header_2_font_size_tablet=&#8221;48px&#8221; header_2_font_size_phone=&#8221;36px&#8221; header_2_font_size_last_edited=&#8221;on|desktop&#8221;]<\/p>\n<h2>A propos<\/h2>\n<p>[\/et_pb_text][et_pb_text _builder_version=&#8221;4.9.0&#8243; text_font=&#8221;Cardo|700|||||||&#8221; text_text_color=&#8221;rgba(0,0,0,0.03)&#8221; text_font_size=&#8221;150px&#8221; text_line_height=&#8221;1em&#8221; custom_margin=&#8221;-0.8em|||-0.8em|false|false&#8221; custom_margin_tablet=&#8221;-100px||||false|false&#8221; custom_margin_phone=&#8221;-80px|||-60px|false|false&#8221; custom_margin_last_edited=&#8221;on|desktop&#8221; text_font_size_tablet=&#8221;100px&#8221; text_font_size_phone=&#8221;60px&#8221; text_font_size_last_edited=&#8221;on|desktop&#8221;]<\/p>\n<p>Julie Rutz<\/p>\n<p>[\/et_pb_text][\/et_pb_column][\/et_pb_row][et_pb_row column_structure=&#8221;1_2,1_2&#8243; disabled_on=&#8221;on|on|off&#8221; admin_label=&#8221;About container row for desktop&#8221; _builder_version=&#8221;4.9.0&#8243; _module_preset=&#8221;default&#8221;][et_pb_column type=&#8221;1_2&#8243; _builder_version=&#8221;4.9.0&#8243; _module_preset=&#8221;default&#8221; custom_css_main_element=&#8221;align-items: center;&#8221;][et_pb_text _builder_version=&#8221;4.9.0&#8243; _module_preset=&#8221;default&#8221; text_font_size=&#8221;1.4em&#8221; text_line_height=&#8221;1.5em&#8221;]<\/p>\n<p>Je suis une photographe Suisse d\u2019origine camerounaise qui habite \u00e0 Z\u00fcrich.<\/p>\n<p>J\u2019aime d\u00e9couvrir les merveilleux miracles de la nature et de d\u00e9voiler les innombrables secrets de la vie par la photographie macro. J\u2019aime montrer le monde cach\u00e9 et donner amour, espoir et joie de vie \u00e0 tous ceux qui d\u00e9sirent ouvrir c\u0153ur, corps et \u00e2me au partage de sensations forts et d\u2019\u00e9motions riches.<\/p>\n<p>Bonne d\u00e9couverte, amour toujours\u00a0!<\/p>\n<p>[\/et_pb_text][et_pb_image src=&#8221;https:\/\/julierutzphotography.com\/fr\/wp-content\/uploads\/sites\/9\/2021\/05\/julie_1st_name_only.png&#8221; title_text=&#8221;julie_1st_name_only&#8221; align=&#8221;center&#8221; _builder_version=&#8221;4.9.0&#8243; _module_preset=&#8221;default&#8221; width=&#8221;40%&#8221; module_alignment=&#8221;center&#8221;][\/et_pb_image][\/et_pb_column][et_pb_column type=&#8221;1_2&#8243; _builder_version=&#8221;4.9.0&#8243; _module_preset=&#8221;default&#8221;][et_pb_image src=&#8221;https:\/\/julierutzphotography.com\/fr\/wp-content\/uploads\/sites\/9\/2021\/10\/20211003_julie_rutz_profile_photo.jpg&#8221; title_text=&#8221;20211003_julie_rutz_profile_photo&#8221; admin_label=&#8221;Profile picture&#8221; _builder_version=&#8221;4.9.0&#8243; _module_preset=&#8221;default&#8221;][\/et_pb_image][\/et_pb_column][\/et_pb_row][et_pb_row column_structure=&#8221;1_2,1_2&#8243; disabled_on=&#8221;off|off|on&#8221; admin_label=&#8221;About container row for tablets &#038; mobiles&#8221; _builder_version=&#8221;4.9.0&#8243; _module_preset=&#8221;default&#8221;][et_pb_column type=&#8221;1_2&#8243; _builder_version=&#8221;4.9.0&#8243; _module_preset=&#8221;default&#8221;][et_pb_image src=&#8221;https:\/\/julierutzphotography.com\/fr\/wp-content\/uploads\/sites\/9\/2021\/10\/20211003_julie_rutz_profile_photo.jpg&#8221; title_text=&#8221;20211003_julie_rutz_profile_photo&#8221; admin_label=&#8221;Profile picture&#8221; _builder_version=&#8221;4.9.0&#8243; _module_preset=&#8221;default&#8221;][\/et_pb_image][\/et_pb_column][et_pb_column type=&#8221;1_2&#8243; _builder_version=&#8221;4.9.0&#8243; _module_preset=&#8221;default&#8221; custom_css_main_element=&#8221;align-items: center;&#8221;][et_pb_text _builder_version=&#8221;4.9.0&#8243; _module_preset=&#8221;default&#8221; text_font_size=&#8221;1.4em&#8221; text_line_height=&#8221;1.5em&#8221;]<\/p>\n<p>Je suis une photographe Suisse d\u2019origine camerounaise qui habite \u00e0 Z\u00fcrich.<\/p>\n<p>J\u2019aime d\u00e9couvrir les merveilleux miracles de la nature et de d\u00e9voiler les innombrables secrets de la vie par la photographie macro. J\u2019aime montrer le monde cach\u00e9 et donner amour, espoir et joie de vie \u00e0 tous ceux qui d\u00e9sirent ouvrir c\u0153ur, corps et \u00e2me au partage de sensations forts et d\u2019\u00e9motions riches.<\/p>\n<p>Bonne d\u00e9couverte, amour toujours\u00a0!<\/p>\n<p>[\/et_pb_text][et_pb_image src=&#8221;https:\/\/julierutzphotography.com\/fr\/wp-content\/uploads\/sites\/9\/2021\/05\/julie_1st_name_only.png&#8221; title_text=&#8221;julie_1st_name_only&#8221; align=&#8221;center&#8221; _builder_version=&#8221;4.9.0&#8243; _module_preset=&#8221;default&#8221; width=&#8221;40%&#8221; module_alignment=&#8221;center&#8221;][\/et_pb_image][\/et_pb_column][\/et_pb_row][\/et_pb_section][et_pb_section fb_built=&#8221;1&#8243; admin_label=&#8221;Testimonials section&#8221; module_id=&#8221;testimonials&#8221; _builder_version=&#8221;4.9.0&#8243; _module_preset=&#8221;default&#8221;][et_pb_row admin_label=&#8221;Testimonials titles container row&#8221; _builder_version=&#8221;4.9.0&#8243; locked=&#8221;off&#8221;][et_pb_column type=&#8221;4_4&#8243; _builder_version=&#8221;3.26.6&#8243;][et_pb_text admin_label=&#8221;Feedback&#8221; _builder_version=&#8221;4.9.0&#8243; header_2_font=&#8221;Montserrat|700|||||||&#8221; header_2_text_color=&#8221;#000000&#8243; header_2_font_size=&#8221;70px&#8221; header_2_line_height=&#8221;1.2em&#8221; z_index=&#8221;2&#8243; max_width=&#8221;750px&#8221; header_2_font_size_tablet=&#8221;48px&#8221; header_2_font_size_phone=&#8221;36px&#8221; header_2_font_size_last_edited=&#8221;on|desktop&#8221;]<\/p>\n<h2>Retours<\/h2>\n<p>[\/et_pb_text][et_pb_text admin_label=&#8221;Testimonials&#8221; _builder_version=&#8221;4.9.0&#8243; text_font=&#8221;Cardo|700|||||||&#8221; text_text_color=&#8221;rgba(0,0,0,0.03)&#8221; text_font_size=&#8221;150px&#8221; text_line_height=&#8221;1em&#8221; custom_margin=&#8221;-0.8em|||-0.8em|false|false&#8221; custom_margin_tablet=&#8221;-100px||||false|false&#8221; custom_margin_phone=&#8221;-80px|||-60px|false|false&#8221; custom_margin_last_edited=&#8221;on|desktop&#8221; text_font_size_tablet=&#8221;100px&#8221; text_font_size_phone=&#8221;60px&#8221; text_font_size_last_edited=&#8221;on|desktop&#8221;]<\/p>\n<p>T\u00e9moignages<\/p>\n<p>[\/et_pb_text][\/et_pb_column][\/et_pb_row][et_pb_row column_structure=&#8221;1_3,1_3,1_3&#8243; admin_label=&#8221;Testimonials container row&#8221; _builder_version=&#8221;4.9.0&#8243; _module_preset=&#8221;default&#8221;][et_pb_column type=&#8221;1_3&#8243; _builder_version=&#8221;4.7.7&#8243; _module_preset=&#8221;default&#8221;][et_pb_image src=&#8221;https:\/\/julierutzphotography.com\/fr\/wp-content\/uploads\/sites\/9\/2021\/10\/Patrick_Schneider.jpg&#8221; title_text=&#8221;Patrick_Schneider_testimonial_photo&#8221; admin_label=&#8221;Testimonial #1 image&#8221; _builder_version=&#8221;4.9.0&#8243; _module_preset=&#8221;default&#8221;][\/et_pb_image][et_pb_testimonial quote_icon=&#8221;off&#8221; quote_icon_color=&#8221;#bba486&#8243; quote_icon_background_color=&#8221;rgba(0,0,0,0)&#8221; admin_label=&#8221;Testimonial #1&#8243; _builder_version=&#8221;4.9.0&#8243; _module_preset=&#8221;default&#8221; body_font=&#8221;Trirong||on||||||&#8221; body_font_size=&#8221;16px&#8221; body_line_height=&#8221;2em&#8221; author_font=&#8221;Trirong|500|||||||&#8221; author_text_color=&#8221;#2a2a2a&#8221; background_enable_color=&#8221;off&#8221; use_background_color=&#8221;off&#8221; custom_padding=&#8221;0px||||false|false&#8221; body_font_size_tablet=&#8221;14px&#8221; body_font_size_phone=&#8221;13px&#8221; body_font_size_last_edited=&#8221;on|phone&#8221; locked=&#8221;off&#8221;]<\/p>\n<p>La photo de Julie occupe une place tr\u00e8s sp\u00e9ciale dans notre foyer. Chaque jour, nous passons \u00e0 c\u00f4t\u00e9 de cet ouvre magnifique. Le soir, il nous aide \u00e0 oublier le quotidien. Le matin, \u00e0 se r\u00e9jouir de la journ\u00e9e.<\/p>\n<p>Le regard de Julie est unique et profond\u00e9ment personnel. Sa photographie transpire toute sa passion et son d\u00e9vouement extraordinaire.<\/p>\n<h4><em>Patrick Schneider<\/em><\/h4>\n<p>[\/et_pb_testimonial][\/et_pb_column][et_pb_column type=&#8221;1_3&#8243; _builder_version=&#8221;4.7.7&#8243; _module_preset=&#8221;default&#8221;][et_pb_image src=&#8221;https:\/\/julierutzphotography.com\/fr\/wp-content\/uploads\/sites\/9\/2021\/10\/Arriane-.jpg&#8221; title_text=&#8221;Arriane&#8221; admin_label=&#8221;Testimonial #2 image&#8221; _builder_version=&#8221;4.9.0&#8243; _module_preset=&#8221;default&#8221; hover_enabled=&#8221;0&#8243; locked=&#8221;off&#8221; sticky_enabled=&#8221;0&#8243;][\/et_pb_image][et_pb_testimonial quote_icon=&#8221;off&#8221; quote_icon_color=&#8221;#bba486&#8243; quote_icon_background_color=&#8221;rgba(0,0,0,0)&#8221; admin_label=&#8221;Testimonial #2&#8243; _builder_version=&#8221;4.9.0&#8243; _module_preset=&#8221;default&#8221; body_font=&#8221;Trirong||on||||||&#8221; body_font_size=&#8221;16px&#8221; body_line_height=&#8221;2em&#8221; author_font=&#8221;Trirong|500|||||||&#8221; author_text_color=&#8221;#2a2a2a&#8221; background_enable_color=&#8221;off&#8221; use_background_color=&#8221;off&#8221; custom_padding=&#8221;0px||||false|false&#8221; body_font_size_tablet=&#8221;14px&#8221; body_font_size_phone=&#8221;13px&#8221; body_font_size_last_edited=&#8221;on|phone&#8221; locked=&#8221;off&#8221;]<\/p>\n<p>Les photos de Julie sont accroch\u00e9es dans mon bureau \u00e0 Ankara. Je re\u00e7ois de nombreux compliments. Elles sont \u00e0 la fois riches en couleurs, joyeuses et myst\u00e9rieuses. Quand je les regarde entre deux, je me rappelle que c&#8217;est le petit qui compte. Chaque jour rec\u00e8le de la beaut\u00e9. Vous devez juste faire attention. L&#8217;espoir qui en d\u00e9coule me renforce.<\/p>\n<h4><em>Ariane Tinner<\/em><\/h4>\n<p>[\/et_pb_testimonial][\/et_pb_column][et_pb_column type=&#8221;1_3&#8243; _builder_version=&#8221;4.7.7&#8243; _module_preset=&#8221;default&#8221;][et_pb_image src=&#8221;https:\/\/julierutzphotography.com\/fr\/wp-content\/uploads\/sites\/9\/2021\/10\/Dr_med_dent_Alex_Kilgus.jpg&#8221; title_text=&#8221;Dr_med_dent_Alex_Kilgus&#8221; admin_label=&#8221;Testimonial #3 image&#8221; _builder_version=&#8221;4.9.0&#8243; _module_preset=&#8221;default&#8221; locked=&#8221;off&#8221;][\/et_pb_image][et_pb_testimonial quote_icon=&#8221;off&#8221; quote_icon_color=&#8221;#bba486&#8243; quote_icon_background_color=&#8221;rgba(0,0,0,0)&#8221; admin_label=&#8221;Testimonial #3&#8243; _builder_version=&#8221;4.9.0&#8243; _module_preset=&#8221;default&#8221; body_font=&#8221;Trirong||on||||||&#8221; body_font_size=&#8221;16px&#8221; body_line_height=&#8221;2em&#8221; author_font=&#8221;Trirong|500|||||||&#8221; author_text_color=&#8221;#2a2a2a&#8221; background_enable_color=&#8221;off&#8221; use_background_color=&#8221;off&#8221; custom_padding=&#8221;0px||||false|false&#8221; body_font_size_tablet=&#8221;14px&#8221; body_font_size_phone=&#8221;13px&#8221; body_font_size_last_edited=&#8221;on|phone&#8221; locked=&#8221;off&#8221;]<\/p>\n<p>Il y a un peu plus de deux ans, j&#8217;ai visit\u00e9 un vernissage de photos de Julie Rutz \u00e0 Zurich et j&#8217;ai \u00e9t\u00e9 enthousiasm\u00e9e par ses expositions. J&#8217;ai tellement aim\u00e9 deux d&#8217;entre eux que je les ai command\u00e9s imm\u00e9diatement. Ils ont trouv\u00e9 une place de choix dans mon cabinet dentaire et je les appr\u00e9cie chaque jour. J&#8217;ai \u00e9galement re\u00e7u beaucoup de commentaires positifs de la part de mes clients.<\/p>\n<h4><em>Dr. med. dent. Alex Kilgus, Schaffhausen<\/em><\/h4>\n<p>[\/et_pb_testimonial][\/et_pb_column][\/et_pb_row][\/et_pb_section]<\/p>\n","protected":false},"excerpt":{"rendered":"<p>[et_pb_section fb_built=&#8221;1&#8243; fullwidth=&#8221;on&#8221; admin_label=&#8221;Hero Section&#8221; module_id=&#8221;home&#8221; _builder_version=&#8221;4.9.0&#8243; _module_preset=&#8221;default&#8221;][et_pb_fullwidth_slider show_pagination=&#8221;off&#8221; _builder_version=&#8221;4.9.0&#8243; _module_preset=&#8221;default&#8221; header_font=&#8221;Yellowtail||||||||&#8221; header_font_size=&#8221;48px&#8221; body_font_size=&#8221;1.3em&#8221; body_line_height=&#8221;1.6em&#8221; min_height=&#8221;100vh&#8221; height=&#8221;100vh&#8221; auto=&#8221;on&#8221; hover_transition_speed_curve=&#8221;ease-in-out&#8221; header_font_size_tablet=&#8221;43px&#8221; header_font_size_phone=&#8221;27px&#8221; header_font_size_last_edited=&#8221;on|phone&#8221; body_font_size_tablet=&#8221;1.2em&#8221; body_font_size_phone=&#8221;1.1em&#8221; body_font_size_last_edited=&#8221;on|phone&#8221; custom_css_slide_description=&#8221;animation-name: none;||margin-top: 30vh;&#8221; custom_css_slide_title=&#8221;font-weight: 200;&#8221;][et_pb_slide heading=&#8221;Photographie macro \u00e0 main lev\u00e9e&#8221; _builder_version=&#8221;4.9.0&#8243; _module_preset=&#8221;default&#8221; header_font=&#8221;||||||||&#8221; header_line_height=&#8221;1.2em&#8221; background_enable_color=&#8221;off&#8221; background_image=&#8221;https:\/\/julierutzphotography.com\/fr\/wp-content\/uploads\/sites\/9\/2021\/05\/Slide-1-Pink-lady-IMG_5178.jpg&#8221; background_enable_image=&#8221;on&#8221; text_orientation=&#8221;left&#8221; width=&#8221;50%&#8221; width_tablet=&#8221;60%&#8221; width_phone=&#8221;70%&#8221; width_last_edited=&#8221;on|tablet&#8221; custom_padding=&#8221;15vh||||false|false&#8221; hover_transition_duration=&#8221;0ms&#8221; custom_css_slide_container=&#8221;float: right !important;&#8221; sticky_transition=&#8221;on&#8221;] Voir le [&hellip;]<\/p>\n","protected":false},"author":1,"featured_media":0,"parent":0,"menu_order":0,"comment_status":"closed","ping_status":"closed","template":"","meta":{"_et_pb_use_builder":"on","_et_pb_old_content":"","_et_gb_content_width":"","footnotes":""},"class_list":["post-501","page","type-page","status-publish","hentry"],"_links":{"self":[{"href":"https:\/\/julierutzphotography.com\/fr\/wp-json\/wp\/v2\/pages\/501","targetHints":{"allow":["GET"]}}],"collection":[{"href":"https:\/\/julierutzphotography.com\/fr\/wp-json\/wp\/v2\/pages"}],"about":[{"href":"https:\/\/julierutzphotography.com\/fr\/wp-json\/wp\/v2\/types\/page"}],"author":[{"embeddable":true,"href":"https:\/\/julierutzphotography.com\/fr\/wp-json\/wp\/v2\/users\/1"}],"replies":[{"embeddable":true,"href":"https:\/\/julierutzphotography.com\/fr\/wp-json\/wp\/v2\/comments?post=501"}],"version-history":[{"count":108,"href":"https:\/\/julierutzphotography.com\/fr\/wp-json\/wp\/v2\/pages\/501\/revisions"}],"predecessor-version":[{"id":4558,"href":"https:\/\/julierutzphotography.com\/fr\/wp-json\/wp\/v2\/pages\/501\/revisions\/4558"}],"wp:attachment":[{"href":"https:\/\/julierutzphotography.com\/fr\/wp-json\/wp\/v2\/media?parent=501"}],"curies":[{"name":"wp","href":"https:\/\/api.w.org\/{rel}","templated":true}]}}