{"id":501,"date":"2021-05-14T17:55:26","date_gmt":"2021-05-14T15:55:26","guid":{"rendered":"https:\/\/julierutzphotography.com\/de\/?page_id=501"},"modified":"2021-10-15T10:06:13","modified_gmt":"2021-10-15T08:06:13","slug":"home","status":"publish","type":"page","link":"https:\/\/julierutzphotography.com\/de\/","title":{"rendered":"Home"},"content":{"rendered":"<p>[et_pb_section fb_built=&#8221;1&#8243; fullwidth=&#8221;on&#8221; admin_label=&#8221;Hero section&#8221; module_id=&#8221;home&#8221; _builder_version=&#8221;4.9.0&#8243; _module_preset=&#8221;default&#8221;][et_pb_fullwidth_slider show_pagination=&#8221;off&#8221; _builder_version=&#8221;4.9.0&#8243; _module_preset=&#8221;default&#8221; header_font=&#8221;Yellowtail||||||||&#8221; header_font_size=&#8221;48px&#8221; body_font_size=&#8221;1.3em&#8221; body_line_height=&#8221;1.6em&#8221; min_height=&#8221;100vh&#8221; height=&#8221;100vh&#8221; auto=&#8221;on&#8221; hover_transition_speed_curve=&#8221;ease-in-out&#8221; header_font_size_tablet=&#8221;43px&#8221; header_font_size_phone=&#8221;27px&#8221; header_font_size_last_edited=&#8221;on|phone&#8221; body_font_size_tablet=&#8221;1.2em&#8221; body_font_size_phone=&#8221;1.1em&#8221; body_font_size_last_edited=&#8221;on|phone&#8221; custom_css_slide_description=&#8221;animation-name: none;||margin-top: 30vh;&#8221; custom_css_slide_title=&#8221;font-weight: 200;&#8221;][et_pb_slide heading=&#8221;Freihand Makrofotografie&#8221; _builder_version=&#8221;4.9.0&#8243; _module_preset=&#8221;default&#8221; header_font=&#8221;||||||||&#8221; header_line_height=&#8221;1.2em&#8221; background_enable_color=&#8221;off&#8221; background_image=&#8221;https:\/\/julierutzphotography.com\/de\/wp-content\/uploads\/sites\/8\/2021\/05\/Slide-1-Pink-lady-IMG_5178.jpg&#8221; background_enable_image=&#8221;on&#8221; text_orientation=&#8221;left&#8221; width=&#8221;50%&#8221; width_tablet=&#8221;60%&#8221; width_phone=&#8221;70%&#8221; width_last_edited=&#8221;on|tablet&#8221; custom_padding=&#8221;15vh||||false|false&#8221; hover_transition_duration=&#8221;0ms&#8221; custom_css_slide_container=&#8221;float: right !important;&#8221; sticky_transition=&#8221;on&#8221;]<\/p>\n<p>Das Grosse im Kleinen sehen. Unbekanntes im Bekannten finden. Welten entdecken. Perspektiven teilen. Das Innerste nach aussen tragen.<\/p>\n<p>[\/et_pb_slide][et_pb_slide heading=&#8221;Freihand Makrofotografie&#8221; _builder_version=&#8221;4.9.0&#8243; _module_preset=&#8221;default&#8221; header_line_height=&#8221;1.2em&#8221; background_enable_color=&#8221;off&#8221; background_image=&#8221;https:\/\/julierutzphotography.com\/de\/wp-content\/uploads\/sites\/8\/2021\/05\/slide-2-v2-Z41-A4.jpg&#8221; background_enable_image=&#8221;on&#8221; text_orientation=&#8221;left&#8221; width=&#8221;50%&#8221; width_tablet=&#8221;60%&#8221; width_phone=&#8221;70%&#8221; width_last_edited=&#8221;on|phone&#8221; custom_padding=&#8221;15vh||||false|false&#8221; hover_transition_duration=&#8221;0ms&#8221; custom_css_slide_container=&#8221;float: right !important;&#8221; sticky_transition=&#8221;on&#8221;]<\/p>\n<p>Vertieft im Moment, verloren in der Zeit, wie in Trance. Stehend, sitzend, liegend, geduldig wartend, bis alles passt.<\/p>\n<p>[\/et_pb_slide][et_pb_slide heading=&#8221;Freihand Makrofotografie&#8221; _builder_version=&#8221;4.9.0&#8243; _module_preset=&#8221;default&#8221; header_line_height=&#8221;1.2em&#8221; background_enable_color=&#8221;off&#8221; background_image=&#8221;https:\/\/julierutzphotography.com\/de\/wp-content\/uploads\/sites\/8\/2021\/05\/slide-3-Broken-synchronicity-IMG_0371.jpg&#8221; background_enable_image=&#8221;on&#8221; text_orientation=&#8221;left&#8221; width=&#8221;50%&#8221; width_tablet=&#8221;60%&#8221; width_phone=&#8221;70%&#8221; width_last_edited=&#8221;on|phone&#8221; custom_padding=&#8221;15vh||||false|false&#8221; hover_transition_duration=&#8221;0ms&#8221; custom_css_slide_container=&#8221;float: right !important;&#8221; sticky_transition=&#8221;on&#8221;]<\/p>\n<p>Licht, Wind, Tropfen, Bewegung, Ruhe, Augenblick. Ich tauche ein in die Stille, mit ruhiger Hand, alles stimmt.<\/p>\n<p>[\/et_pb_slide][\/et_pb_fullwidth_slider][\/et_pb_section][et_pb_section fb_built=&#8221;1&#8243; admin_label=&#8221;About section&#8221; module_id=&#8221;about&#8221; _builder_version=&#8221;4.9.0&#8243; _module_preset=&#8221;default&#8221;][et_pb_row admin_label=&#8221;About section Title&#8221; _builder_version=&#8221;4.9.0&#8243; locked=&#8221;off&#8221;][et_pb_column type=&#8221;4_4&#8243; _builder_version=&#8221;3.26.6&#8243;][et_pb_text _builder_version=&#8221;4.9.0&#8243; header_2_font=&#8221;Montserrat|700|||||||&#8221; header_2_text_color=&#8221;#000000&#8243; header_2_font_size=&#8221;70px&#8221; header_2_line_height=&#8221;1.2em&#8221; z_index=&#8221;2&#8243; max_width=&#8221;750px&#8221; header_2_font_size_tablet=&#8221;48px&#8221; header_2_font_size_phone=&#8221;36px&#8221; header_2_font_size_last_edited=&#8221;on|desktop&#8221;]<\/p>\n<h2>About<\/h2>\n<p>[\/et_pb_text][et_pb_text _builder_version=&#8221;4.9.0&#8243; text_font=&#8221;Cardo|700|||||||&#8221; text_text_color=&#8221;rgba(0,0,0,0.03)&#8221; text_font_size=&#8221;150px&#8221; text_line_height=&#8221;1em&#8221; custom_margin=&#8221;-0.8em|||-0.8em|false|false&#8221; custom_margin_tablet=&#8221;-100px||||false|false&#8221; custom_margin_phone=&#8221;-80px|||-60px|false|false&#8221; custom_margin_last_edited=&#8221;on|desktop&#8221; text_font_size_tablet=&#8221;100px&#8221; text_font_size_phone=&#8221;60px&#8221; text_font_size_last_edited=&#8221;on|desktop&#8221;]<\/p>\n<p>Julie Rutz<\/p>\n<p>[\/et_pb_text][\/et_pb_column][\/et_pb_row][et_pb_row column_structure=&#8221;1_2,1_2&#8243; disabled_on=&#8221;on|on|off&#8221; admin_label=&#8221;About container row for desktop&#8221; _builder_version=&#8221;4.9.0&#8243; _module_preset=&#8221;default&#8221;][et_pb_column type=&#8221;1_2&#8243; _builder_version=&#8221;4.9.0&#8243; _module_preset=&#8221;default&#8221; custom_css_main_element=&#8221;align-items: center;&#8221;][et_pb_text _builder_version=&#8221;4.9.0&#8243; _module_preset=&#8221;default&#8221; text_font_size=&#8221;1.4em&#8221; text_line_height=&#8221;1.5em&#8221;]<\/p>\n<p>Ich bin eine Schweizer Fotografin kamerunischer Herkunft aus Z\u00fcrich.<\/p>\n<p>Ich liebe es, durch meine Makrofotografie die \u00fcberw\u00e4ltigenden Wunder der Natur zu entdecken und die unergr\u00fcndlichen Geheimnisse des Lebens zu enth\u00fcllen. Ich liebe es, verborgene Seiten der Welt zu zeigen und m\u00f6chte all jenen Liebe, Hoffnung und Lebensfreude schenken, die grossz\u00fcgig Herz, Geist und Seele \u00f6ffnen f\u00fcr das Teilen von starken Empfindungen und reichen Emotionen.<\/p>\n<p>Gute Entdeckungsreise, mit viel Liebe!<\/p>\n<p>[\/et_pb_text][et_pb_image src=&#8221;https:\/\/julierutzphotography.com\/de\/wp-content\/uploads\/sites\/8\/2021\/05\/julie_1st_name_only.png&#8221; title_text=&#8221;julie_1st_name_only&#8221; align=&#8221;center&#8221; _builder_version=&#8221;4.9.0&#8243; _module_preset=&#8221;default&#8221; width=&#8221;40%&#8221; module_alignment=&#8221;center&#8221;][\/et_pb_image][\/et_pb_column][et_pb_column type=&#8221;1_2&#8243; _builder_version=&#8221;4.9.0&#8243; _module_preset=&#8221;default&#8221;][et_pb_image src=&#8221;https:\/\/julierutzphotography.com\/de\/wp-content\/uploads\/sites\/8\/2021\/10\/20211003_julie_rutz_profile_photo.jpg&#8221; title_text=&#8221;20211003_julie_rutz_profile_photo&#8221; admin_label=&#8221;Profile picture&#8221; _builder_version=&#8221;4.9.0&#8243; _module_preset=&#8221;default&#8221;][\/et_pb_image][\/et_pb_column][\/et_pb_row][et_pb_row column_structure=&#8221;1_2,1_2&#8243; disabled_on=&#8221;off|off|on&#8221; admin_label=&#8221;About container row for tablets &amp; mobiles&#8221; _builder_version=&#8221;4.9.0&#8243; _module_preset=&#8221;default&#8221;][et_pb_column type=&#8221;1_2&#8243; _builder_version=&#8221;4.9.0&#8243; _module_preset=&#8221;default&#8221;][et_pb_image src=&#8221;https:\/\/julierutzphotography.com\/de\/wp-content\/uploads\/sites\/8\/2021\/10\/20211003_julie_rutz_profile_photo.jpg&#8221; title_text=&#8221;20211003_julie_rutz_profile_photo&#8221; admin_label=&#8221;Profile picture&#8221; _builder_version=&#8221;4.9.0&#8243; _module_preset=&#8221;default&#8221;][\/et_pb_image][\/et_pb_column][et_pb_column type=&#8221;1_2&#8243; _builder_version=&#8221;4.9.0&#8243; _module_preset=&#8221;default&#8221; custom_css_main_element=&#8221;align-items: center;&#8221;][et_pb_text _builder_version=&#8221;4.9.0&#8243; _module_preset=&#8221;default&#8221; text_font_size=&#8221;1.4em&#8221; text_line_height=&#8221;1.5em&#8221;]<\/p>\n<p>Ich bin eine Schweizer Fotografin kamerunischer Herkunft aus Z\u00fcrich.<\/p>\n<p>Ich liebe es, durch meine Makrofotografie die \u00fcberw\u00e4ltigenden Wunder der Natur zu entdecken und die unergr\u00fcndlichen Geheimnisse des Lebens zu enth\u00fcllen. Ich liebe es, verborgene Seiten der Welt zu zeigen und m\u00f6chte all jenen Liebe, Hoffnung und Lebensfreude schenken, die grossz\u00fcgig Herz, Geist und Seele \u00f6ffnen f\u00fcr das Teilen von starken Empfindungen und reichen Emotionen.<\/p>\n<p>Gute Entdeckungsreise, mit viel Liebe!<\/p>\n<p>[\/et_pb_text][et_pb_image src=&#8221;https:\/\/julierutzphotography.com\/de\/wp-content\/uploads\/sites\/8\/2021\/05\/julie_1st_name_only.png&#8221; title_text=&#8221;julie_1st_name_only&#8221; align=&#8221;center&#8221; _builder_version=&#8221;4.9.0&#8243; _module_preset=&#8221;default&#8221; width=&#8221;40%&#8221; module_alignment=&#8221;center&#8221;][\/et_pb_image][\/et_pb_column][\/et_pb_row][\/et_pb_section][et_pb_section fb_built=&#8221;1&#8243; admin_label=&#8221;Testimonials section&#8221; module_id=&#8221;testimonials&#8221; _builder_version=&#8221;4.9.0&#8243; _module_preset=&#8221;default&#8221;][et_pb_row admin_label=&#8221;Testimonials titles container row&#8221; _builder_version=&#8221;4.9.0&#8243; locked=&#8221;off&#8221;][et_pb_column type=&#8221;4_4&#8243; _builder_version=&#8221;3.26.6&#8243;][et_pb_text admin_label=&#8221;Feedback&#8221; _builder_version=&#8221;4.9.0&#8243; header_2_font=&#8221;Montserrat|700|||||||&#8221; header_2_text_color=&#8221;#000000&#8243; header_2_font_size=&#8221;70px&#8221; header_2_line_height=&#8221;1.2em&#8221; z_index=&#8221;2&#8243; max_width=&#8221;750px&#8221; header_2_font_size_tablet=&#8221;48px&#8221; header_2_font_size_phone=&#8221;36px&#8221; header_2_font_size_last_edited=&#8221;on|desktop&#8221;]<\/p>\n<h2>Feedback<\/h2>\n<p>[\/et_pb_text][et_pb_text admin_label=&#8221;Testimonials&#8221; _builder_version=&#8221;4.9.0&#8243; text_font=&#8221;Cardo|700|||||||&#8221; text_text_color=&#8221;rgba(0,0,0,0.03)&#8221; text_font_size=&#8221;150px&#8221; text_line_height=&#8221;1em&#8221; custom_margin=&#8221;-0.8em|||-0.8em|false|false&#8221; custom_margin_tablet=&#8221;-100px||||false|false&#8221; custom_margin_phone=&#8221;-80px|||-60px|false|false&#8221; custom_margin_last_edited=&#8221;on|desktop&#8221; text_font_size_tablet=&#8221;100px&#8221; text_font_size_phone=&#8221;60px&#8221; text_font_size_last_edited=&#8221;on|desktop&#8221;]<\/p>\n<p>Empfehlungen<\/p>\n<p>[\/et_pb_text][\/et_pb_column][\/et_pb_row][et_pb_row column_structure=&#8221;1_3,1_3,1_3&#8243; admin_label=&#8221;Testimonials container row&#8221; _builder_version=&#8221;4.9.0&#8243; _module_preset=&#8221;default&#8221;][et_pb_column type=&#8221;1_3&#8243; _builder_version=&#8221;4.7.7&#8243; _module_preset=&#8221;default&#8221;][et_pb_image src=&#8221;https:\/\/julierutzphotography.com\/de\/wp-content\/uploads\/sites\/8\/2021\/10\/Patrick_Schneider.jpg&#8221; title_text=&#8221;Patrick_Schneider_testimonial_photo&#8221; admin_label=&#8221;Testimonial #1 image&#8221; _builder_version=&#8221;4.9.0&#8243; _module_preset=&#8221;default&#8221;][\/et_pb_image][et_pb_testimonial quote_icon=&#8221;off&#8221; quote_icon_color=&#8221;#bba486&#8243; quote_icon_background_color=&#8221;rgba(0,0,0,0)&#8221; admin_label=&#8221;Testimonial #1&#8243; _builder_version=&#8221;4.9.0&#8243; _module_preset=&#8221;default&#8221; body_font=&#8221;Trirong||on||||||&#8221; body_font_size=&#8221;16px&#8221; body_line_height=&#8221;2em&#8221; author_font=&#8221;Trirong|500|||||||&#8221; author_text_color=&#8221;#2a2a2a&#8221; background_enable_color=&#8221;off&#8221; use_background_color=&#8221;off&#8221; custom_padding=&#8221;0px||||false|false&#8221; body_font_size_tablet=&#8221;14px&#8221; body_font_size_phone=&#8221;13px&#8221; body_font_size_last_edited=&#8221;on|phone&#8221; locked=&#8221;off&#8221;]<\/p>\n<p>Julie\u2019s Bild hat in unserem Haus einen ganz besonderen Platz. Jeden Tag d\u00fcrfen wir an ihrer wunderbaren Aufnahme vorbei gehen. Abends hilft sie uns den Alltag zu vergessen. Morgens, uns auf den Tag zu freuen.<\/p>\n<p>Julies Blick ist einzigartig und zutiefst pers\u00f6nlich. Sie schenkt uns Fotografie voller Leidenschaft und Hingabe.<\/p>\n<h4><em>Patrick Schneider, Luzern<\/em><\/h4>\n<p>[\/et_pb_testimonial][\/et_pb_column][et_pb_column type=&#8221;1_3&#8243; _builder_version=&#8221;4.7.7&#8243; _module_preset=&#8221;default&#8221;][et_pb_image src=&#8221;https:\/\/julierutzphotography.com\/de\/wp-content\/uploads\/sites\/8\/2021\/10\/Arriane-.jpg&#8221; title_text=&#8221;Arriane&#8221; admin_label=&#8221;Testimonial #2 image&#8221; _builder_version=&#8221;4.9.0&#8243; _module_preset=&#8221;default&#8221; locked=&#8221;off&#8221;][\/et_pb_image][et_pb_testimonial quote_icon=&#8221;off&#8221; quote_icon_color=&#8221;#bba486&#8243; quote_icon_background_color=&#8221;rgba(0,0,0,0)&#8221; admin_label=&#8221;Testimonial #2&#8243; _builder_version=&#8221;4.9.0&#8243; _module_preset=&#8221;default&#8221; body_font=&#8221;Trirong||on||||||&#8221; body_font_size=&#8221;16px&#8221; body_line_height=&#8221;2em&#8221; author_font=&#8221;Trirong|500|||||||&#8221; author_text_color=&#8221;#2a2a2a&#8221; background_enable_color=&#8221;off&#8221; use_background_color=&#8221;off&#8221; custom_padding=&#8221;0px||||false|false&#8221; hover_enabled=&#8221;0&#8243; body_font_size_tablet=&#8221;14px&#8221; body_font_size_phone=&#8221;13px&#8221; body_font_size_last_edited=&#8221;on|phone&#8221; locked=&#8221;off&#8221; sticky_enabled=&#8221;0&#8243;]<\/p>\n<p>Julies Bilder h\u00e4ngen in meinem B\u00fcro in Ankara. Ich erhalte viele Komplimente.\u00a0Sie sind farbig, fr\u00f6hlich und gleichzeitig geheimnisvoll. Wenn ich sie zwischendurch betrachte, erinnere ich mich daran, dass das Kleine z\u00e4hlt. Jeder Tag enth\u00e4lt Sch\u00f6nes. Man muss sich nur achten.\u00a0Die Hoffnung, die daraus entsteht, st\u00e4rkt mich.<\/p>\n<h4><em>Ariane Tinner,\u00a0<\/em><i>Ankara<\/i><\/h4>\n<p>[\/et_pb_testimonial][\/et_pb_column][et_pb_column type=&#8221;1_3&#8243; _builder_version=&#8221;4.7.7&#8243; _module_preset=&#8221;default&#8221;][et_pb_image src=&#8221;https:\/\/julierutzphotography.com\/de\/wp-content\/uploads\/sites\/8\/2021\/10\/Dr_med_dent_Alex_Kilgus.jpg&#8221; title_text=&#8221;Dr_med_dent_Alex_Kilgus&#8221; admin_label=&#8221;Testimonial #3 image&#8221; _builder_version=&#8221;4.9.0&#8243; _module_preset=&#8221;default&#8221; locked=&#8221;off&#8221;][\/et_pb_image][et_pb_testimonial quote_icon=&#8221;off&#8221; quote_icon_color=&#8221;#bba486&#8243; quote_icon_background_color=&#8221;rgba(0,0,0,0)&#8221; admin_label=&#8221;Testimonial #3&#8243; _builder_version=&#8221;4.9.0&#8243; _module_preset=&#8221;default&#8221; body_font=&#8221;Trirong||on||||||&#8221; body_font_size=&#8221;16px&#8221; body_line_height=&#8221;2em&#8221; author_font=&#8221;Trirong|500|||||||&#8221; author_text_color=&#8221;#2a2a2a&#8221; background_enable_color=&#8221;off&#8221; use_background_color=&#8221;off&#8221; custom_padding=&#8221;0px||||false|false&#8221; body_font_size_tablet=&#8221;14px&#8221; body_font_size_phone=&#8221;13px&#8221; body_font_size_last_edited=&#8221;on|phone&#8221; locked=&#8221;off&#8221;]<\/p>\n<p>Ich habe vor etwas mehr als zwei Jahren eine Foto-Vernissage von Julie Rutz in Z\u00fcrich besucht und war von ihren Ausstellungsst\u00fccken begeistert. Zwei Exemplare haben mir so gut gefallen, dass ich sie sofort bestellt habe. Sie haben in meiner Zahnarztpraxis einen Ehrenplatz erhalten und ich erfreue mich t\u00e4glich an ihnen. Auch von meiner Kundschaft habe ich viel positives Feedback erhalten.<\/p>\n<h4><em>Dr. med. dent. Alex Kilgus, Schaffhausen<\/em><\/h4>\n<p>[\/et_pb_testimonial][\/et_pb_column][\/et_pb_row][\/et_pb_section]<\/p>\n","protected":false},"excerpt":{"rendered":"<p>[et_pb_section fb_built=&#8221;1&#8243; fullwidth=&#8221;on&#8221; admin_label=&#8221;Hero section&#8221; module_id=&#8221;home&#8221; _builder_version=&#8221;4.9.0&#8243; _module_preset=&#8221;default&#8221;][et_pb_fullwidth_slider show_pagination=&#8221;off&#8221; _builder_version=&#8221;4.9.0&#8243; _module_preset=&#8221;default&#8221; header_font=&#8221;Yellowtail||||||||&#8221; header_font_size=&#8221;48px&#8221; body_font_size=&#8221;1.3em&#8221; body_line_height=&#8221;1.6em&#8221; min_height=&#8221;100vh&#8221; height=&#8221;100vh&#8221; auto=&#8221;on&#8221; hover_transition_speed_curve=&#8221;ease-in-out&#8221; header_font_size_tablet=&#8221;43px&#8221; header_font_size_phone=&#8221;27px&#8221; header_font_size_last_edited=&#8221;on|phone&#8221; body_font_size_tablet=&#8221;1.2em&#8221; body_font_size_phone=&#8221;1.1em&#8221; body_font_size_last_edited=&#8221;on|phone&#8221; custom_css_slide_description=&#8221;animation-name: none;||margin-top: 30vh;&#8221; custom_css_slide_title=&#8221;font-weight: 200;&#8221;][et_pb_slide heading=&#8221;Freihand Makrofotografie&#8221; _builder_version=&#8221;4.9.0&#8243; _module_preset=&#8221;default&#8221; header_font=&#8221;||||||||&#8221; header_line_height=&#8221;1.2em&#8221; background_enable_color=&#8221;off&#8221; background_image=&#8221;https:\/\/julierutzphotography.com\/de\/wp-content\/uploads\/sites\/8\/2021\/05\/Slide-1-Pink-lady-IMG_5178.jpg&#8221; background_enable_image=&#8221;on&#8221; text_orientation=&#8221;left&#8221; width=&#8221;50%&#8221; width_tablet=&#8221;60%&#8221; width_phone=&#8221;70%&#8221; width_last_edited=&#8221;on|tablet&#8221; custom_padding=&#8221;15vh||||false|false&#8221; hover_transition_duration=&#8221;0ms&#8221; custom_css_slide_container=&#8221;float: right !important;&#8221; sticky_transition=&#8221;on&#8221;] Das Grosse im Kleinen sehen. [&hellip;]<\/p>\n","protected":false},"author":1,"featured_media":0,"parent":0,"menu_order":0,"comment_status":"closed","ping_status":"closed","template":"","meta":{"_et_pb_use_builder":"on","_et_pb_old_content":"","_et_gb_content_width":"","footnotes":""},"class_list":["post-501","page","type-page","status-publish","hentry"],"_links":{"self":[{"href":"https:\/\/julierutzphotography.com\/de\/wp-json\/wp\/v2\/pages\/501","targetHints":{"allow":["GET"]}}],"collection":[{"href":"https:\/\/julierutzphotography.com\/de\/wp-json\/wp\/v2\/pages"}],"about":[{"href":"https:\/\/julierutzphotography.com\/de\/wp-json\/wp\/v2\/types\/page"}],"author":[{"embeddable":true,"href":"https:\/\/julierutzphotography.com\/de\/wp-json\/wp\/v2\/users\/1"}],"replies":[{"embeddable":true,"href":"https:\/\/julierutzphotography.com\/de\/wp-json\/wp\/v2\/comments?post=501"}],"version-history":[{"count":108,"href":"https:\/\/julierutzphotography.com\/de\/wp-json\/wp\/v2\/pages\/501\/revisions"}],"predecessor-version":[{"id":4578,"href":"https:\/\/julierutzphotography.com\/de\/wp-json\/wp\/v2\/pages\/501\/revisions\/4578"}],"wp:attachment":[{"href":"https:\/\/julierutzphotography.com\/de\/wp-json\/wp\/v2\/media?parent=501"}],"curies":[{"name":"wp","href":"https:\/\/api.w.org\/{rel}","templated":true}]}}